{"id":10498,"date":"2024-12-20T03:54:09","date_gmt":"2024-12-20T03:54:09","guid":{"rendered":"https:\/\/cuartopiso.net\/?page_id=10498"},"modified":"2026-01-27T20:19:55","modified_gmt":"2026-01-27T20:19:55","slug":"aftermovie","status":"publish","type":"page","link":"https:\/\/cuartopiso.net\/en\/aftermovie\/","title":{"rendered":"Aftermovie"},"content":{"rendered":"<div class=\"wpb-content-wrapper\"><div class=\"vc_row wpb_row vc_row-fluid\"><div class=\"wpb_column vc_column_container vc_col-sm-6\"><div class=\"vc_column-inner\"><div class=\"wpb_wrapper\">\n\t<div class=\"wpb_text_column wpb_content_element\" >\n\t\t<div class=\"wpb_wrapper\">\n\t\t\t<p class=\"vp-img-paragraph\"><a class=\"vp-s vp-yt-type\" title=\"Leiva - Auditorio Nacional - CDMX\" href=\"https:\/\/youtu.be\/KzsVC7LxuGQ\"><img decoding=\"async\" class=\"vp-img\" src=\"https:\/\/cuartopiso.net\/wp-content\/uploads\/2019\/06\/LEIVA.jpg\" \/><\/a><\/p>\n<h6 style=\"text-align: center;\">Leiva &#8211; Auditorio Nacional &#8211; CDMX<\/h6>\n\n\t\t<\/div>\n\t<\/div>\n<div class=\"vc_empty_space\"   style=\"height: 60px\"><span class=\"vc_empty_space_inner\"><\/span><\/div><\/div><\/div><\/div><div class=\"wpb_column vc_column_container vc_col-sm-6\"><div class=\"vc_column-inner\"><div class=\"wpb_wrapper\">\n\t<div class=\"wpb_text_column wpb_content_element\" >\n\t\t<div class=\"wpb_wrapper\">\n\t\t\t<p class=\"vp-img-paragraph\"><a class=\"vp-s vp-yt-type\" title=\"V\u00edctor Garc\u00eda - Mi Regreso Tour Promo\" href=\"https:\/\/youtu.be\/tVEFffgffr0\" data-dwrap=\"1\" data-ytid=\"a61TVBdhVoQ\"><img decoding=\"async\" class=\"vp-img\" src=\"https:\/\/cuartopiso.net\/wp-content\/uploads\/2019\/06\/VICTOR-AFTER.jpg\" \/><\/a><\/p>\n<h6 style=\"text-align: center;\">V\u00edctor Garc\u00eda &#8211; Mi Regreso Tour Promo<\/h6>\n\n\t\t<\/div>\n\t<\/div>\n<div class=\"vc_empty_space\"   style=\"height: 60px\"><span class=\"vc_empty_space_inner\"><\/span><\/div><\/div><\/div><\/div><\/div><div class=\"vc_row wpb_row vc_row-fluid\"><div class=\"wpb_column vc_column_container vc_col-sm-6\"><div class=\"vc_column-inner\"><div class=\"wpb_wrapper\">\n\t<div class=\"wpb_text_column wpb_content_element\" >\n\t\t<div class=\"wpb_wrapper\">\n\t\t\t<p class=\"vp-img-paragraph\"><a class=\"vp-s vp-yt-type\" title=\"Damiano David - Din\u00e1mica Fans Mixup y Los 40\" href=\"https:\/\/youtu.be\/sjbltJA8km4\" data-dwrap=\"1\" data-ytid=\"a61TVBdhVoQ\"><img decoding=\"async\" class=\"vp-img\" src=\"https:\/\/cuartopiso.net\/wp-content\/uploads\/2019\/06\/DAMIANO2.jpg\" \/><\/a><\/p>\n<h6 style=\"text-align: center;\">Damiano David &#8211; Din\u00e1mica Fans Mixup y Los 40<\/h6>\n\n\t\t<\/div>\n\t<\/div>\n<div class=\"vc_empty_space\"   style=\"height: 60px\"><span class=\"vc_empty_space_inner\"><\/span><\/div><\/div><\/div><\/div><div class=\"wpb_column vc_column_container vc_col-sm-6\"><div class=\"vc_column-inner\"><div class=\"wpb_wrapper\">\n\t<div class=\"wpb_text_column wpb_content_element\" >\n\t\t<div class=\"wpb_wrapper\">\n\t\t\t<p class=\"vp-img-paragraph\"><a class=\"vp-s vp-yt-type\" title=\"Rauw Alejandro - Activaci\u00f3n CDMX\" href=\"https:\/\/youtu.be\/O9MZcdGyeIE\" data-dwrap=\"1\" data-ytid=\"a61TVBdhVoQ\"><img decoding=\"async\" class=\"vp-img\" src=\"https:\/\/cuartopiso.net\/wp-content\/uploads\/2019\/06\/RAUW.jpg\" \/><\/a><\/p>\n<h6 style=\"text-align: center;\">Rauw Alejandro &#8211; Activaci\u00f3n CDMX<\/h6>\n\n\t\t<\/div>\n\t<\/div>\n<div class=\"vc_empty_space\"   style=\"height: 60px\"><span class=\"vc_empty_space_inner\"><\/span><\/div><\/div><\/div><\/div><\/div><div class=\"vc_row wpb_row vc_row-fluid\"><div class=\"wpb_column vc_column_container vc_col-sm-6\"><div class=\"vc_column-inner\"><div class=\"wpb_wrapper\">\n\t<div class=\"wpb_text_column wpb_content_element\" >\n\t\t<div class=\"wpb_wrapper\">\n\t\t\t<p class=\"vp-img-paragraph\"><a class=\"vp-s vp-yt-type\" title=\"Katy Perry - The Lifetimes Tour M\u00e9xico\" href=\"https:\/\/youtu.be\/rIkyxJGjTWA\" data-dwrap=\"1\" data-ytid=\"a61TVBdhVoQ\"><img decoding=\"async\" class=\"vp-img\" src=\"https:\/\/cuartopiso.net\/wp-content\/uploads\/2019\/06\/KATY.png\" \/><\/a><\/p>\n<h6 style=\"text-align: center;\">Katy Perry &#8211; The Lifetimes Tour M\u00e9xico<\/h6>\n\n\t\t<\/div>\n\t<\/div>\n<div class=\"vc_empty_space\"   style=\"height: 60px\"><span class=\"vc_empty_space_inner\"><\/span><\/div><\/div><\/div><\/div><div class=\"wpb_column vc_column_container vc_col-sm-6\"><div class=\"vc_column-inner\"><div class=\"wpb_wrapper\">\n\t<div class=\"wpb_text_column wpb_content_element\" >\n\t\t<div class=\"wpb_wrapper\">\n\t\t\t<p class=\"vp-img-paragraph\"><a class=\"vp-s vp-yt-type\" title=\"Rosal\u00eda\" href=\"https:\/\/www.youtube.com\/watch?v=a61TVBdhVoQ\" data-dwrap=\"1\" data-ytid=\"a61TVBdhVoQ\"><img decoding=\"async\" class=\"vp-img\" src=\"https:\/\/cuartopiso.net\/wp-content\/uploads\/2019\/06\/ROSALIA-AFTER.jpg\" \/><\/a><\/p>\n<h6 style=\"text-align: center;\">Rosal\u00eda &#8211; Din\u00e1mica Exa FM<\/h6>\n\n\t\t<\/div>\n\t<\/div>\n<div class=\"vc_empty_space\"   style=\"height: 60px\"><span class=\"vc_empty_space_inner\"><\/span><\/div><\/div><\/div><\/div><\/div><div class=\"vc_row wpb_row vc_row-fluid\"><div class=\"wpb_column vc_column_container vc_col-sm-6\"><div class=\"vc_column-inner\"><div class=\"wpb_wrapper\">\n\t<div class=\"wpb_text_column wpb_content_element\" >\n\t\t<div class=\"wpb_wrapper\">\n\t\t\t<p class=\"vp-img-paragraph\"><a class=\"vp-s vp-yt-type\" title=\"Lila Downs - El Son Del Chile Frito (Documental)\" href=\"https:\/\/www.youtube.com\/watch?v=7vEG3zVwS1U\" data-dwrap=\"1\" data-ytid=\"7vEG3zVwS1U\"><img decoding=\"async\" class=\"vp-img\" src=\"https:\/\/cuartopiso.net\/wp-content\/uploads\/2019\/06\/LILA-EL-SON-AFTER.jpg\" \/><\/a><\/p>\n<h6 style=\"text-align: center;\">Lila Downs &#8211; El Son Del Chile Frito (Documental)<\/h6>\n\n\t\t<\/div>\n\t<\/div>\n<div class=\"vc_empty_space\"   style=\"height: 60px\"><span class=\"vc_empty_space_inner\"><\/span><\/div><\/div><\/div><\/div><div class=\"wpb_column vc_column_container vc_col-sm-6\"><div class=\"vc_column-inner\"><div class=\"wpb_wrapper\">\n\t<div class=\"wpb_text_column wpb_content_element\" >\n\t\t<div class=\"wpb_wrapper\">\n\t\t\t<p class=\"vp-img-paragraph\"><a class=\"vp-s vp-yt-type\" title=\"Tributo a Los Baby's (Documental)\" href=\"https:\/\/www.youtube.com\/watch?v=skcpbW6D3yw\" data-dwrap=\"1\" data-ytid=\"a61TVBdhVoQ\"><img decoding=\"async\" class=\"vp-img\" src=\"https:\/\/cuartopiso.net\/wp-content\/uploads\/2019\/06\/LOS-BABYS-AFTER.jpg&quot;\" \/><\/a><\/p>\n<h6 style=\"text-align: center;\">Tributo a Los Baby&#8217;s (Documental)<\/h6>\n\n\t\t<\/div>\n\t<\/div>\n<div class=\"vc_empty_space\"   style=\"height: 60px\"><span class=\"vc_empty_space_inner\"><\/span><\/div><\/div><\/div><\/div><\/div><div class=\"vc_row wpb_row vc_row-fluid\"><div class=\"wpb_column vc_column_container vc_col-sm-6\"><div class=\"vc_column-inner\"><div class=\"wpb_wrapper\">\n\t<div class=\"wpb_text_column wpb_content_element\" >\n\t\t<div class=\"wpb_wrapper\">\n\t\t\t<p class=\"vp-img-paragraph\"><a class=\"vp-s vp-yt-type\" title=\"Eugenia Le\u00f3n - Una Rosa Encendida ft. Alex Cuba, Leonel Garc\u00eda (Documental)\" href=\"https:\/\/www.youtube.com\/watch?v=0_FbRxZCttA\" data-dwrap=\"1\" data-ytid=\"7vEG3zVwS1U\"><img decoding=\"async\" class=\"vp-img\" src=\"https:\/\/cuartopiso.net\/wp-content\/uploads\/2019\/06\/EUGENIA-AFTER.jpg\" \/><\/a><\/p>\n<h6 style=\"text-align: center;\">Eugenia Le\u00f3n &#8211; Una Rosa Encendida ft. Alex Cuba, Leonel Garc\u00eda (Documental)<\/h6>\n\n\t\t<\/div>\n\t<\/div>\n<div class=\"vc_empty_space\"   style=\"height: 60px\"><span class=\"vc_empty_space_inner\"><\/span><\/div><\/div><\/div><\/div><div class=\"wpb_column vc_column_container vc_col-sm-6\"><div class=\"vc_column-inner\"><div class=\"wpb_wrapper\">\n\t<div class=\"wpb_text_column wpb_content_element\" >\n\t\t<div class=\"wpb_wrapper\">\n\t\t\t<p class=\"vp-img-paragraph\"><a class=\"vp-s vp-yt-type\" title=\"CD9 - Records Guinness\" href=\"https:\/\/www.youtube.com\/watch?v=U-T0crGRda4\" data-dwrap=\"1\" data-ytid=\"a61TVBdhVoQ\"><img decoding=\"async\" class=\"vp-img\" src=\"https:\/\/cuartopiso.net\/wp-content\/uploads\/2019\/06\/CD9-AFTER.jpg\" \/><\/a><\/p>\n<h6 style=\"text-align: center;\">CD9 &#8211; Records Guinness<\/h6>\n\n\t\t<\/div>\n\t<\/div>\n<div class=\"vc_empty_space\"   style=\"height: 60px\"><span class=\"vc_empty_space_inner\"><\/span><\/div><\/div><\/div><\/div><\/div><div class=\"vc_row wpb_row vc_row-fluid\"><div class=\"wpb_column vc_column_container vc_col-sm-6\"><div class=\"vc_column-inner\"><div class=\"wpb_wrapper\">\n\t<div class=\"wpb_text_column wpb_content_element\" >\n\t\t<div class=\"wpb_wrapper\">\n\t\t\t<p class=\"vp-img-paragraph\"><a class=\"vp-s vp-yt-type\" title=\"CD9 - Nuestra Historia\" href=\"https:\/\/www.youtube.com\/watch?v=thuV1JmoVGM\" data-dwrap=\"1\" data-ytid=\"7vEG3zVwS1U\"><img decoding=\"async\" class=\"vp-img\" src=\"https:\/\/cuartopiso.net\/wp-content\/uploads\/2019\/06\/CD9-AFTER-2.jpg\" \/><\/a><\/p>\n<h6 style=\"text-align: center;\">CD9 &#8211; Nuestra Historia<\/h6>\n\n\t\t<\/div>\n\t<\/div>\n<div class=\"vc_empty_space\"   style=\"height: 60px\"><span class=\"vc_empty_space_inner\"><\/span><\/div><\/div><\/div><\/div><div class=\"wpb_column vc_column_container vc_col-sm-6\"><div class=\"vc_column-inner\"><div class=\"wpb_wrapper\"><div class=\"vc_empty_space\"   style=\"height: 60px\"><span class=\"vc_empty_space_inner\"><\/span><\/div><\/div><\/div><\/div><\/div>\n<\/div>","protected":false},"excerpt":{"rendered":"Leiva - Auditorio Nacional - CDMX V\u00edctor Garc\u00eda - Mi Regreso Tour Promo Damiano David - Din\u00e1mica Fans Mixup y Los 40 Rauw Alejandro - Activaci\u00f3n CDMX Katy Perry - The Lifetimes Tour M\u00e9xico Rosal\u00eda - Din\u00e1mica Exa FM Lila Downs - El Son Del Chile Frito (Documental) Tributo a Los Baby's (Documental) Eugenia Le\u00f3n - Una Rosa Encendida ft. Alex Cuba, Leonel Garc\u00eda (Documental) CD9 - Records Guinness CD9 - Nuestra Historia","protected":false},"author":1,"featured_media":0,"parent":0,"menu_order":0,"comment_status":"closed","ping_status":"closed","template":"","meta":{"footnotes":""},"class_list":["post-10498","page","type-page","status-publish","hentry"],"_links":{"self":[{"href":"https:\/\/cuartopiso.net\/en\/wp-json\/wp\/v2\/pages\/10498","targetHints":{"allow":["GET"]}}],"collection":[{"href":"https:\/\/cuartopiso.net\/en\/wp-json\/wp\/v2\/pages"}],"about":[{"href":"https:\/\/cuartopiso.net\/en\/wp-json\/wp\/v2\/types\/page"}],"author":[{"embeddable":true,"href":"https:\/\/cuartopiso.net\/en\/wp-json\/wp\/v2\/users\/1"}],"replies":[{"embeddable":true,"href":"https:\/\/cuartopiso.net\/en\/wp-json\/wp\/v2\/comments?post=10498"}],"version-history":[{"count":13,"href":"https:\/\/cuartopiso.net\/en\/wp-json\/wp\/v2\/pages\/10498\/revisions"}],"predecessor-version":[{"id":10985,"href":"https:\/\/cuartopiso.net\/en\/wp-json\/wp\/v2\/pages\/10498\/revisions\/10985"}],"wp:attachment":[{"href":"https:\/\/cuartopiso.net\/en\/wp-json\/wp\/v2\/media?parent=10498"}],"curies":[{"name":"wp","href":"https:\/\/api.w.org\/{rel}","templated":true}]}}