{"id":10852,"date":"2025-01-24T04:50:04","date_gmt":"2025-01-24T04:50:04","guid":{"rendered":"https:\/\/cuartopiso.net\/?page_id=10852"},"modified":"2025-01-29T03:22:17","modified_gmt":"2025-01-29T03:22:17","slug":"aviso-de-privacidad","status":"publish","type":"page","link":"https:\/\/cuartopiso.net\/en\/aviso-de-privacidad\/","title":{"rendered":"Aviso de privacidad"},"content":{"rendered":"<div class=\"wpb-content-wrapper\"><section data-vc-full-width=\"true\" data-vc-full-width-temp=\"true\" data-vc-full-width-init=\"false\" data-vc-stretch-content=\"true\" class=\"vc_section vc_custom_1737694013194 vc_section-has-fill\"><div data-vc-full-width=\"true\" data-vc-full-width-temp=\"true\" data-vc-full-width-init=\"false\" class=\"vc_row wpb_row vc_row-fluid vc_custom_1737694089981 vc_row-has-fill\"><div class=\"wpb_column vc_column_container vc_col-sm-2\"><div class=\"vc_column-inner\"><div class=\"wpb_wrapper\"><\/div><\/div><\/div><div class=\"wpb_column vc_column_container vc_col-sm-8\"><div class=\"vc_column-inner\"><div class=\"wpb_wrapper\"><div class=\"es-resp\">\t<div class=\"visible-xl\" style=\"height: 64px;\"><\/div>\t<div class=\"hidden-xl hidden-md hidden-sm hidden-ms hidden-xs\" style=\"height: 64px;\"><\/div>\t<div class=\"visible-md\" style=\"height: 64px;\"><\/div>\t<div class=\"visible-sm\" style=\"height: 64px;\"><\/div>\t<div class=\"visible-ms\" style=\"height: 64px;\"><\/div>\t<div class=\"visible-xs\" style=\"height: 64px;\"><\/div><\/div>\n\t<div class=\"wpb_text_column wpb_content_element\" >\n\t\t<div class=\"wpb_wrapper\">\n\t\t\t<p><b>IDENTIDAD Y DOMICILIO DEL RESPONSABLE<\/b><\/p>\n<p><span style=\"font-weight: 400;\">Conforme al contenido de los art\u00edculos 15 y 16 de la Ley Federal de Protecci\u00f3n de Datos Personales en Posesi\u00f3n de los Particulares (\u201c<\/span><b>Ley<\/b><span style=\"font-weight: 400;\">\u201d), le comunicamos que <\/span><b>DUBBING HITS ENTERTAINMENT S. DE R.L. DE C.V.,<\/b><span style=\"font-weight: 400;\"> (en adelante \u201c<\/span><b>Dubbing Hits<\/b><span style=\"font-weight: 400;\">\u201d) con <\/span><b>domicilio<\/b><span style=\"font-weight: 400;\"> para o\u00edr y recibir notificaciones ubicado Avenida Paseo de las Palmas 735, despacho 1406, Lomas de Chapultepec V Secci\u00f3n, Miguel Hidalgo, Ciudad de M\u00e9xico, M\u00e9xico C.P. 11000, es el responsable del tratamiento de sus datos personales de acuerdo con la Ley.<\/span><\/p>\n<p><b>DATOS PERSONALES SUJETOS A TRATAMIENTO<\/b><\/p>\n<p><span style=\"font-weight: 400;\">Dubbing Hits, podr\u00e1 recabar sus datos personales cuando usted as\u00ed nos los proporcione a trav\u00e9s de los formularios que aparecen en nuestro sitio web. Al momento de ingresar sus datos personales en el formulario de registro a trav\u00e9s de nuestro sitio web<\/span> <span style=\"font-weight: 400;\">\u00a0<\/span><a href=\"https:\/\/www.dubbinghits.com\" target=\"_blank\" rel=\"noopener\"><span style=\"font-weight: 400;\">https:\/\/www.dubbinghits.com<\/span><\/a><span style=\"font-weight: 400;\">, usted manifiesta su aceptaci\u00f3n con el uso y tratamiento que daremos a sus datos personales para que estos sean recabados, usados y distribuidos dentro de Dubbing Hits.\u00a0<\/span><\/p>\n<p><span style=\"font-weight: 400;\">Dubbing Hits para cumplir con las finalidades se\u00f1aladas en el presente Aviso de Privacidad tratar\u00e1 datos personales de identificaci\u00f3n, incluyendo datos de su inicio de sesi\u00f3n en la red social que usted elija para registrarse en nuestro sitio web, datos personales de contacto, datos de ubicaci\u00f3n e informaci\u00f3n sobre sus preferencias de consumo con respecto a nuestros productos y servicios.\u00a0<\/span><\/p>\n<p><span style=\"font-weight: 400;\">Le informamos que, para efectos de lo se\u00f1alado en el presente Aviso de Privacidad, Dubbing Hits no tratar\u00e1 datos personales sensibles.<\/span><\/p>\n<p><b>FINALIDADES DEL TRATAMIENTO DE SUS DATOS PERSONALES<\/b><\/p>\n<p><span style=\"font-weight: 400;\">Dubbing Hits podr\u00e1 tratar sus datos personales para cumplir con alguna(s) de las siguientes finalidades primarias y necesarias:<\/span><\/p>\n<ul>\n<li style=\"font-weight: 400;\" aria-level=\"1\"><span style=\"font-weight: 400;\">Para identificarle como usuario de nuestros servicios.<\/span><\/li>\n<li style=\"font-weight: 400;\" aria-level=\"1\">Para contactarle a trav\u00e9s de distintos medios de comunicaci\u00f3n electr\u00f3nica.<\/li>\n<li style=\"font-weight: 400;\" aria-level=\"1\">Realizar su registro a nuestro bolet\u00edn de noticias (<i>newsletter<\/i>) y realizar el env\u00edo de informaci\u00f3n adicional acerca de los servicios y promociones de Dubbing Hits, sus subsidiarias y filiales en todo el mundo, as\u00ed como para poder proporcionarle informaci\u00f3n sobre los distintos artistas y\/o grupos que forman parte del repertorio de Dubbing Hits, sus subsidiarias y filiales en todo el mundo.<\/li>\n<li style=\"font-weight: 400;\" aria-level=\"1\">Atender y dar seguimiento a cualquier solicitud, pregunta, comentario, queja o solicitud de contacto que nos realice, y enviarle notificaciones de cambios a este aviso de privacidad.<\/li>\n<li style=\"font-weight: 400;\" aria-level=\"1\">Atender requerimientos debidamente fundados y motivados por parte de autoridades competentes.<\/li>\n<li style=\"font-weight: 400;\" aria-level=\"1\">Dar cumplimiento a obligaciones previstas en la normatividad aplicable.<\/li>\n<\/ul>\n<p><b>FINALIDADES SECUNDARIAS DEL TRATAMIENTO<\/b><\/p>\n<p><span style=\"font-weight: 400;\">Dubbing Hits tratar\u00e1 sus datos personales para fines de promoci\u00f3n, mercadotecnica y publicidad propios y de Empresas del Grupo de acuerdo con sus intereses.<\/span><\/p>\n<p><span style=\"font-weight: 400;\">Si usted no desea que Dubbing Hits trate sus datos personales para alguna de las finalidades descritas en este apartado, por favor env\u00ede un correo electr\u00f3nico <\/span><a href=\"mailto:contactodh@dubbinghits.com\" target=\"_blank\" rel=\"noopener\"><span style=\"font-weight: 400;\">contactodh@dubbinghits.com<\/span><\/a><span style=\"font-weight: 400;\">. Usted podr\u00e1 cambiar de opci\u00f3n en cualquier momento.<\/span><\/p>\n<p><b>TRANSFERENCIAS DE SUS DATOS PERSONALES<\/b><\/p>\n<p><span style=\"font-weight: 400;\">Le informamos que Dubbing Hits, no vende, ni comunica o divulga los datos personales de sus suscriptores y\/o usuarios. No obstante lo anterior, podremos compartir sin requerir su consentimiento sus datos personales en los siguientes casos:<\/span><\/p>\n<ol>\n<li style=\"font-weight: 400;\" aria-level=\"1\"><span style=\"font-weight: 400;\">A empresas controladoras, subsidiarias y\/o afiliadas de Dubbing Hits que operan bajo pol\u00edticas y controles comunes de privacidad para el env\u00edo de noticias, comunicaciones y\/o promociones.<\/span><\/li>\n<li style=\"font-weight: 400;\" aria-level=\"1\">A terceros relacionados con las actividades de Dubbing Hits, como artistas y sus representantes, sellos discogr\u00e1ficos y agentes, cuando dicha comunicaci\u00f3n sea necesaria para el mantenimiento o cumplimiento de la relaci\u00f3n jur\u00eddica entre usted y Dubbing Hits.<\/li>\n<li style=\"font-weight: 400;\" aria-level=\"1\">A autoridades competentes en los casos legalmente previstos o cuando consideremos que la publicaci\u00f3n de los mismos es necesaria o apropiada para evitar da\u00f1os f\u00edsicos o p\u00e9rdidas econ\u00f3micas o en relaci\u00f3n con una investigaci\u00f3n sobre una actividad ilegal, presunta o real.<\/li>\n<\/ol>\n<p>&nbsp;<\/p>\n<p><b>DERECHOS ARCO Y REVOCACI\u00d3N DEL CONSENTIMIENTO<\/b><\/p>\n<p><span style=\"font-weight: 400;\">Usted o su representante legal podr\u00e1 ejercer cualquiera de los derechos de acceso, rectificaci\u00f3n, cancelaci\u00f3n u oposici\u00f3n (en lo sucesivo \u201cDerechos ARCO\u201d), as\u00ed como revocar su consentimiento para el tratamiento de sus datos personales enviando un correo electr\u00f3nico, al Responsable de Privacidad de Dubbing Hits a la direcci\u00f3n de correo: <\/span><a href=\"mailto:diego.laviada@dubbinghits.com\" target=\"_blank\" rel=\"noopener\"><span style=\"font-weight: 400;\">diego.laviada@dubbinghits.com<\/span><\/a><\/p>\n<p><span style=\"font-weight: 400;\">Le recordamos que los Derechos ARCO y\/o revocaci\u00f3n del consentimiento s\u00f3lo pueden ser ejercidos por el titular o su representante legal previa acreditaci\u00f3n de su identidad, raz\u00f3n por la cual el escrito que nos env\u00ede debe acompa\u00f1arse con copia de alguna identificaci\u00f3n oficial, como puede ser alguna de las siguientes: INE, Pasaporte o Documento migratorio que constate la legal estancia del extranjero en el pa\u00eds.<\/span><\/p>\n<p><span style=\"font-weight: 400;\">Asimismo, le informamos que para que su solicitud proceda es indispensable completar toda la informaci\u00f3n que a continuaci\u00f3n le enunciamos, la cual ser\u00e1 utilizada para acreditar su identidad:<\/span><\/p>\n<ul>\n<li style=\"font-weight: 400;\" aria-level=\"1\"><b>DATOS DEL TITULAR:<\/b><span style=\"font-weight: 400;\"> Nombre Completo, Domicilio Completo, Tel\u00e9fono y Correo electr\u00f3nico (donde se le comunicar\u00e1 la respuesta a su solicitud).<\/span><\/li>\n<li style=\"font-weight: 400;\" aria-level=\"1\"><b>INFORMACI\u00d3N DEL REPRESENTANTE (S\u00d3LO SI APLICA):<\/b> Nombre Completo. En caso de ser representante legal del titular deber\u00e1 acompa\u00f1ar a su escrito el instrumento p\u00fablico correspondiente en original, o en su caso, carta poder firmada ante dos testigos.<\/li>\n<li style=\"font-weight: 400;\" aria-level=\"1\"><b>DERECHOS ARCO:<\/b> Indicar el\/losderecho(s) que desea ejercer: Acceso, Rectificaci\u00f3n, Cancelaci\u00f3n y\/o Oposici\u00f3n. Asimismo, se deber\u00e1 hacer una descripci\u00f3n de los datos personales respecto de los que se busca ejercer el\/los derecho(s) se\u00f1alados anteriormente y\/o cualquier otro comentario que nos ayude a atender mejor su derecho.<\/li>\n<li style=\"font-weight: 400;\" aria-level=\"1\"><b>OTRA DOCUMENTACI\u00d3N NECESARIA:<\/b> Favor de acompa\u00f1ar la documentaci\u00f3n que considere sustente su solicitud y nos ayude a tramitarla convenientemente. En particular, en la solicitud de rectificaci\u00f3n de datos personales (dato incorrecto, dato correcto y documento acreditativo).<\/li>\n<\/ul>\n<p><span style=\"font-weight: 400;\">En caso de que la informaci\u00f3n proporcionada en su escrito sea err\u00f3nea o insuficiente, o bien, no se acompa\u00f1en los documentos de acreditaci\u00f3n correspondientes, el Responsable de Privacidad de Dubbing Hits, dentro de los cinco (5) d\u00edas h\u00e1biles siguientes a la recepci\u00f3n de la solicitud, podr\u00e1 requerirle que aporte los elementos o documentos necesarios para dar tr\u00e1mite a la misma. Usted contar\u00e1 con diez (10) d\u00edas h\u00e1biles para atender el requerimiento, contados a partir del d\u00eda siguiente en que lo haya recibido. De no dar respuesta en dicho plazo, se tendr\u00e1 por no presentada la solicitud correspondiente.<\/span><\/p>\n<p><span style=\"font-weight: 400;\">El Responsable de Privacidad de Dubbing Hits le comunicar\u00e1 la determinaci\u00f3n adoptada, en un plazo m\u00e1ximo de veinte (20) d\u00edas h\u00e1biles contados desde la fecha en que se recibi\u00f3 la solicitud, a efecto de que, si resulta procedente, haga efectiva la misma dentro de los quince (15) d\u00edas h\u00e1biles siguientes a que se comunique la respuesta. La respuesta se dar\u00e1 v\u00eda electr\u00f3nica a la direcci\u00f3n de correo que se especifique en su escrito.\u00a0<\/span><\/p>\n<p><b>LIMITACI\u00d3N DE USO Y\/O DIVULGACI\u00d3N DE SUS DATOS PERSONALES<\/b><\/p>\n<p><span style=\"font-weight: 400;\">Usted podr\u00e1 limitar el uso o divulgaci\u00f3n de sus datos personales enviando su solicitud a Dubbing Hits, a la direcci\u00f3n <\/span><a href=\"mailto:contactodh@dubbinghits.com\" target=\"_blank\" rel=\"noopener\"><span style=\"font-weight: 400;\">contactodh@dubbinghits.com<\/span><\/a><span style=\"font-weight: 400;\">. En caso de que su Solicitud sea procedente se le registrar\u00e1 en el listado de exclusi\u00f3n propio de Dubbing Hits.<\/span><\/p>\n<p><b>USO DE COOKIES Y TECNOLOG\u00cdAS DE RASTREO<\/b><\/p>\n<p><span style=\"font-weight: 400;\">Le informamos que nuestro sitio web <\/span><a href=\"https:\/\/www.dubbinghits.com\" target=\"_blank\" rel=\"noopener\"><span style=\"font-weight: 400;\">https:\/\/www.dubbinghits.com<\/span><\/a><span style=\"font-weight: 400;\"> , permite hacer uso de cookies, web beacons y otras tecnolog\u00edas de rastreo que sirven para cumplir con las finalidades informadas en el presente Aviso de Privacidad.<\/span><\/p>\n<p><span style=\"font-weight: 400;\">Los diferentes tipos de cookies que utilizamos para obtener datos identificativos y datos relacionados con el comportamiento de compra y uso de servicios del titular en internet son:<\/span><\/p>\n<ul>\n<li style=\"font-weight: 400;\" aria-level=\"1\"><b>Cookies esenciales.<\/b><span style=\"font-weight: 400;\"> Estas tecnolog\u00edas permiten un uso adecuado de las funcionalidades tecnol\u00f3gicas de nuestro sitio web, por lo que las mismas no pueden ser deshabilitadas.<\/span><\/li>\n<li style=\"font-weight: 400;\" aria-level=\"1\"><b>Cookies para recordar preferencias y experiencia del titular. <\/b>A trav\u00e9s de estas tecnolog\u00edas obtenemos horario de navegaci\u00f3n, tiempo de navegaci\u00f3n en nuestra p\u00e1gina de Internet, secciones consultadas, y p\u00e1ginas de Internet accedidas previo a la nuestra, estas cookies nos permiten recordar sus preferencias, opciones de navegaci\u00f3n y funciones personalizadas.<\/li>\n<li style=\"font-weight: 400;\" aria-level=\"1\"><b>Cookies para objetivos de rendimiento y an\u00e1lisis. <\/b>Podemos usar cookies propias y de terceros para obtener datos de car\u00e1cter t\u00e9cnico y estad\u00edstico que nos permitan identificar la forma en la cual usted hace uso de nuestros servicios con la finalidad de mejorar su rendimiento y futuros desarrollos.<\/li>\n<li style=\"font-weight: 400;\" aria-level=\"1\"><b>Cookies publicitarias propias y de terceros. <\/b><span style=\"font-weight: 400;\">Podemos colocar cookies publicitarias propias y de terceros para obtener informaci\u00f3n relativa a sus preferencias de compra, consumo y visualizaci\u00f3n de sitios web para mostrarle publicidad que consideremos relevante para usted.<\/span><\/li>\n<\/ul>\n<p><span style=\"font-weight: 400;\">Algunas de las cookies que utilizamos en nuestro sitio web son necesarias para permitir su funcionamiento y no se pueden desactivar de nuestros sistemas.<\/span><\/p>\n<p><span style=\"font-weight: 400;\">No obstante, usted puede deshabilitar aquellas cookies no esenciales, siguiendo el procediminto aplicable de acuerdo con el tipo de navegador que utilice para acceder a nuestro Sitio Web:<\/span><\/p>\n<ul>\n<li style=\"font-weight: 400;\" aria-level=\"1\"><span style=\"font-weight: 400;\">Internet Explorer: Herramientas <\/span><span style=\"font-weight: 400;\">\u2192<\/span><span style=\"font-weight: 400;\"> Opciones de Internet <\/span><span style=\"font-weight: 400;\">\u2192<\/span><span style=\"font-weight: 400;\"> Privacidad <\/span><span style=\"font-weight: 400;\">\u2192<\/span><span style=\"font-weight: 400;\"> Configuraci\u00f3n. Para m\u00e1s informaci\u00f3n, puede consultar el siguiente enlace.<\/span><\/li>\n<li style=\"font-weight: 400;\" aria-level=\"1\"><span style=\"font-weight: 400;\">Firefox: Herramientas <\/span><span style=\"font-weight: 400;\">\u2192<\/span><span style=\"font-weight: 400;\"> Opciones <\/span><span style=\"font-weight: 400;\">\u2192<\/span><span style=\"font-weight: 400;\"> Privacidad y Seguridad. Para m\u00e1s informaci\u00f3n, puede consultar el siguiente enlace.<\/span><\/li>\n<li style=\"font-weight: 400;\" aria-level=\"1\"><span style=\"font-weight: 400;\">Chrome: Configuraci\u00f3n <\/span><span style=\"font-weight: 400;\">\u2192<\/span><span style=\"font-weight: 400;\"> Verificaci\u00f3n de seguridad y\/o <\/span><span style=\"font-weight: 400;\">\u2192<\/span><span style=\"font-weight: 400;\"> Privacidad y seguridad. Para m\u00e1s informaci\u00f3n, puede consultar el siguiente enlace.<\/span><\/li>\n<li style=\"font-weight: 400;\" aria-level=\"1\"><span style=\"font-weight: 400;\">Safari: Preferencias <\/span><span style=\"font-weight: 400;\">\u2192<\/span><span style=\"font-weight: 400;\"> Seguridad. Para m\u00e1s informaci\u00f3n, puede consultar el siguiente enlace.\u00a0<\/span><\/li>\n<li style=\"font-weight: 400;\" aria-level=\"1\"><span style=\"font-weight: 400;\">Opera: Configuraci\u00f3n <\/span><span style=\"font-weight: 400;\">\u2192<\/span><span style=\"font-weight: 400;\"> Privacidad, b\u00fasqueda y servicios y\/o Permisos del sitio. Para m\u00e1s informaci\u00f3n, puede consultar el siguiente enlace.<\/span><\/li>\n<\/ul>\n<p><span style=\"font-weight: 400;\">A trav\u00e9s de su navegador de internet, usted tambi\u00e9n puede ver las cookies que est\u00e1n en su dispositivo, y borrarlas seg\u00fan crea conveniente.<\/span><\/p>\n<p><span style=\"font-weight: 400;\">Adem\u00e1s, nuestro sitio web tambi\u00e9n usa cookies para dispositivos m\u00f3viles, por lo que, si usted desea deshabilitar las mismas, le recomiendamos seguir las instrucciones especificadas por el desarrollador del navegador de internet para su dispositivo m\u00f3vil.<\/span><\/p>\n<p><span style=\"font-weight: 400;\">A trav\u00e9s de su navegador de internet, usted tambi\u00e9n puede ver las cookies que est\u00e1n en su dispositivo y borrarlas seg\u00fan crea conveniente.<\/span><\/p>\n<p><b>AUTORIDAD EN MATERIA DE PROTECCI\u00d3N DE DATOS PERSONALES<\/b><\/p>\n<p><span style=\"font-weight: 400;\">En caso de que usted considere que podr\u00e1 interponer queja o denuncia correspondiente ante el Instituto Nacional de Transparencia, Acceso a la Informaci\u00f3n y Protecci\u00f3n de Datos Personales (INAI).<\/span><\/p>\n<p><span style=\"font-weight: 400;\">En caso de considerarlo necesario, le informamos que tiene el derecho de acudir ante el Instituto Nacional de Transparencia Acceso a la Informaci\u00f3n y Protecci\u00f3n de Datos Personales (INAI) para hacer valer cualquier inconformidad relacionada con el tratamiento de sus datos personales por parte de Dubbing Hits.<\/span><\/p>\n<p><b>CAMBIOS AL AVISO DE PRIVACIDAD<\/b><\/p>\n<p><span style=\"font-weight: 400;\">Nos reservamos el derecho de efectuar en cualquier momento modificaciones o actualizaciones al presente aviso de privacidad, para la atenci\u00f3n de novedades legislativas o pol\u00edticas internas. Estas modificaciones pueden darse a conocer a los titulares a trav\u00e9s de publicaciones generalizadas en nuestra p\u00e1gina de internet: <\/span><a href=\"https:\/\/www.dubbinghits.com\" target=\"_blank\" rel=\"noopener\"><span style=\"font-weight: 400;\">https:\/\/www.dubbinghits.com<\/span><\/a><span style=\"font-weight: 400;\">, o se las haremos llegar al \u00faltimo correo electr\u00f3nico que nos haya proporcionado.<\/span><\/p>\n<p><span style=\"font-weight: 400;\">\u00daltima actualizaci\u00f3n: 27 de enero de 2025.<\/span><\/p>\n\n\t\t<\/div>\n\t<\/div>\n<div class=\"es-resp\">\t<div class=\"visible-xl\" style=\"height: 64px;\"><\/div>\t<div class=\"hidden-xl hidden-md hidden-sm hidden-ms hidden-xs\" style=\"height: 64px;\"><\/div>\t<div class=\"visible-md\" style=\"height: 64px;\"><\/div>\t<div class=\"visible-sm\" style=\"height: 64px;\"><\/div>\t<div class=\"visible-ms\" style=\"height: 64px;\"><\/div>\t<div class=\"visible-xs\" style=\"height: 64px;\"><\/div><\/div><\/div><\/div><\/div><div class=\"wpb_column vc_column_container vc_col-sm-2\"><div class=\"vc_column-inner\"><div class=\"wpb_wrapper\"><\/div><\/div><\/div><\/div><div class=\"vc_row-full-width vc_clearfix\"><\/div><\/section><div class=\"vc_row-full-width vc_clearfix\"><\/div>\n<\/div>","protected":false},"excerpt":{"rendered":"IDENTIDAD Y DOMICILIO DEL RESPONSABLE Conforme al contenido de los art\u00edculos 15 y 16 de la Ley Federal de Protecci\u00f3n de Datos Personales en Posesi\u00f3n de los Particulares (\u201cLey\u201d), le comunicamos que DUBBING HITS ENTERTAINMENT S. DE R.L. DE C.V., (en adelante \u201cDubbing Hits\u201d) con domicilio para o\u00edr y recibir notificaciones ubicado Avenida Paseo de las Palmas 735, despacho 1406, Lomas de Chapultepec V Secci\u00f3n, Miguel Hidalgo, Ciudad de M\u00e9xico, M\u00e9xico C.P. 11000, es el responsable del tratamiento de sus datos personales de acuerdo con la Ley. DATOS PERSONALES SUJETOS A TRATAMIENTO Dubbing Hits, podr\u00e1 recabar sus datos personales cuando [...]","protected":false},"author":1,"featured_media":0,"parent":0,"menu_order":0,"comment_status":"closed","ping_status":"closed","template":"","meta":{"footnotes":""},"class_list":["post-10852","page","type-page","status-publish","hentry"],"_links":{"self":[{"href":"https:\/\/cuartopiso.net\/en\/wp-json\/wp\/v2\/pages\/10852","targetHints":{"allow":["GET"]}}],"collection":[{"href":"https:\/\/cuartopiso.net\/en\/wp-json\/wp\/v2\/pages"}],"about":[{"href":"https:\/\/cuartopiso.net\/en\/wp-json\/wp\/v2\/types\/page"}],"author":[{"embeddable":true,"href":"https:\/\/cuartopiso.net\/en\/wp-json\/wp\/v2\/users\/1"}],"replies":[{"embeddable":true,"href":"https:\/\/cuartopiso.net\/en\/wp-json\/wp\/v2\/comments?post=10852"}],"version-history":[{"count":10,"href":"https:\/\/cuartopiso.net\/en\/wp-json\/wp\/v2\/pages\/10852\/revisions"}],"predecessor-version":[{"id":10875,"href":"https:\/\/cuartopiso.net\/en\/wp-json\/wp\/v2\/pages\/10852\/revisions\/10875"}],"wp:attachment":[{"href":"https:\/\/cuartopiso.net\/en\/wp-json\/wp\/v2\/media?parent=10852"}],"curies":[{"name":"wp","href":"https:\/\/api.w.org\/{rel}","templated":true}]}}